{"id":295,"date":"2023-08-12T03:06:21","date_gmt":"2023-08-12T03:06:21","guid":{"rendered":"https:\/\/observatoriopoliticouniversitario.com\/?page_id=295"},"modified":"2023-08-13T01:12:58","modified_gmt":"2023-08-13T01:12:58","slug":"pagina-universitaria-nueva-epoca","status":"publish","type":"page","link":"https:\/\/observatoriopoliticouniversitario.com\/index.php\/pagina-universitaria-nueva-epoca\/","title":{"rendered":"P\u00e1gina universitaria- nueva \u00e9poca."},"content":{"rendered":"\n<figure class=\"wp-block-image size-full is-resized\"><img loading=\"lazy\" decoding=\"async\" src=\"https:\/\/observatoriopoliticouniversitario.com\/wp-content\/uploads\/2023\/08\/image.png\" alt=\"\" class=\"wp-image-304\" style=\"width:992px;height:556px\" width=\"992\" height=\"556\"\/><\/figure>\n\n\n\n<p>&nbsp;\u00bfQU\u00c9 HA CAMBIADO?.&nbsp;<\/p>\n\n\n\n<p>&nbsp;&nbsp; &nbsp; &nbsp; &nbsp; &nbsp; &nbsp; &nbsp; &nbsp; &nbsp; &nbsp; &nbsp; &nbsp; &nbsp; &nbsp;&nbsp;Crist\u00f3bal Arteta Ripoll<\/p>\n\n\n\n<p>En 1987 escrib\u00ed el siguiente art\u00edculo, publicado en mi libro&nbsp;<strong>P\u00e1ginas universitarias.&nbsp;<\/strong>Treinta y seis (36) a\u00f1os despu\u00e9s, me parece interesante publicarlo en este momento, porque se avecina un debate interesante sobre la reforma a la Ley 30 de 1992 \u201cpor medio de la cual se regula todo lo que tiene que ver con la Educaci\u00f3n superior colombiana\u201d. Y si bien es cierto que el debate abordar\u00e1 lo general, lo particular y lo singular, ese juego de ideas servir\u00e1 para aportar razones en una u otra direcci\u00f3n. Cada ponente o expositor tendr\u00e1 que ilustrar su perspectiva desde su propio mundo universitario.&nbsp;<\/p>\n\n\n\n<p>Por las razones anteriores, reeditar\u00e9 muchas de las p\u00e1ginas escritas en ese libro, bajo mi m\u00e1xima: recordar es vivir, vivir es pensar, pensar es actuar y actuar es cambiar para transformar.<\/p>\n\n\n\n<p>&nbsp;\u2014\u2014\u2014\u2014\u2014\u2014\u2014\u2014\u2014\u2014\u2014\u2014\u2014\u2014\u2014\u2014\u2014\u2014\u2014\u2014\u2014<\/p>\n\n\n\n<p><strong>CRISIS Y PERSPECTIVAS DE UNIATL\u00c1NTICO<\/strong><\/p>\n\n\n\n<p><strong><em>Octubre 3 de 1987<\/em><\/strong><\/p>\n\n\n\n<p>La organizaci\u00f3n sindical de los profesores Universitarios -ASPU- organiz\u00f3 para los d\u00edas 1 y 2 de octubre del presente a\u00f1o, un foro sobre la \u00ab<strong>Crisis y Perspectivas de Uniatl\u00e1ntico\u00bb.<\/strong><\/p>\n\n\n\n<p>Para el lector desprevenido, o, para quienes poco se interesan por las cuestiones universitarias, es posible que una discusi\u00f3n de esa naturaleza le parezca novedosa aunque intrascendente. Pero para el hombre verdaderamente universitario, o para aquel que sin serlo se siente poderosamente atra\u00eddo por la problem\u00e1tica educativa, el inter\u00e9s trasciende los marcos de la simple pol\u00e9mica y se centra en los resultados y en sus realizaciones pr\u00e1cticas. Sin embargo, suele ocurrir que un sinn\u00famero apreciable de quienes han sentido con m\u00e1s incidencia la galopante crisis que afecta a la instituci\u00f3n, manifiesten un grado considerable de escepticismo por la larga cadena de reflexiones que a\u00f1o tras a\u00f1o se han venido realizando, sin que hasta el momento ellas hayan desembocado en un marco de soluciones efectivas y de superaci\u00f3n a la problem\u00e1tica.<\/p>\n\n\n\n<p>Lo cierto es que Uniatl\u00e1ntico est\u00e1 sobre-diagnosticada. Tanto, que es muy dif\u00edcil hacer o encontrar una reflexi\u00f3n original y novedosa que signifique una manera diferente de abordar la crisis y de desatar soluciones de cambio, no se\u00f1aladas o previstas en el an\u00e1lisis. Mas ello, no descalifica al Foro, pues el debate de las ideas es siempre un ejercicio saludable para la inteligencia y, adem\u00e1s, permite mantener vivas las ilusiones y esperanzas de quienes a\u00f1oramos, o m\u00e1s bien, so\u00f1amos con una universidad diferente al servicio de la ciencia como creaci\u00f3n y de la cultura como espacio vital de la mente humana.<\/p>\n\n\n\n<p>Una Universidad que se convierta en foro permanente sobre las m\u00e1s dis\u00edmiles concepciones de la pol\u00edtica, la sociedad, el pensamiento y la ciencia. Que establezca canales de la m\u00e1s amplia y democr\u00e1tica participaci\u00f3n estamentaria en todas las decisiones de significaci\u00f3n e importancia en la vida institucional. Con un cuerpo directivo altamente calificado, fruto del consenso democr\u00e1tico de estudiantes y profesores y con capacidad de vincularse real y efectivamente a las pol\u00edticas de desarrollo nacional y regional. Pero, igualmente, con posibilidades de transformarse en verdadera escuela forjadora y formadora de cuadros para la direcci\u00f3n de la econom\u00eda y de la pol\u00edtica colombiana.<\/p>\n\n\n\n<p>Esa es la Universidad que necesitamos. Pero, \u00bfesto ser\u00e1 posible con la crisis de direcci\u00f3n hist\u00f3rica que la golpea y la mantiene al borde del abismo?<\/p>\n\n\n\n<p>Particularmente, no lo creo. Mientras la Universidad siga siendo dirigida por hombres sin escr\u00fapulos y sin vocaci\u00f3n universitaria, no encontrar\u00e1 el camino que la conduzca serena y segura a una soluci\u00f3n sin l\u00edmites. Ni siquiera la superaci\u00f3n de sus m\u00e1s graves problemas econ\u00f3micos y una sana y conveniente apropiaci\u00f3n presupuestal, podr\u00e1n restituirle su hist\u00f3rica raz\u00f3n de ser y ubicarla en la perspectiva de jugar el papel que le corresponde dentro de la estructura productiva y sociopol\u00edtica del pa\u00eds.<\/p>\n\n\n\n<p>Nadie ignora que la penuria financiera configura un cuadro de dificultades que incide negativamente en el desarrollo de l\u00edneas de acci\u00f3n hacia la superaci\u00f3n de la problem\u00e1tica. Pero tambi\u00e9n es cierto que la crisis de direcci\u00f3n, por la magnitud que ella ha adquirido, se convierte en la actualidad en la piedra de toque que estructura todo el andamiaje cr\u00edtico institucional.<\/p>\n\n\n\n<p>Definitivamente, debemos convencemos: hay que propugnar, si queremos salvar a Uniatl\u00e1ntico, por una verdadera direcci\u00f3n universitaria que sea ajena al clientelismo en sus diferentes variantes y manifestaciones, divorciada de la politiquer\u00eda y de la corrupci\u00f3n administrativa; con una alta dosis de inteligencia y de creatividad que le permita generar credibilidad externa e internamente; con una concepci\u00f3n universitaria, fundada en la m\u00e1s amplia democracia; con un alto sentido de la cr\u00edtica, como ejercicio conceptual hacia la b\u00fasqueda incesante de la superaci\u00f3n y un considerable grado de responsabilidad y amor a la verdad en el manejo de la academia, la cultura y la investigaci\u00f3n cient\u00edfica. No hay otra manera de aglutinar voluntades para desarrollar positivamente el programa de optimizaci\u00f3n acad\u00e9mica, de mejoramiento cualitativo de los diferentes niveles de la administraci\u00f3n y de saneamiento del end\u00e9mico presupuesto universitario, que deben ser los prop\u00f3sitos centrales de la nueva y diferente concepci\u00f3n universitaria.<\/p>\n\n\n\n<p>He ah\u00ed el nudo gordiano que es preciso soltar. Pero para ello, necesitamos un movimiento de ideas que supere las contradicciones universitarias y que prenda en las conciencias ciudadanas para ganar la solidaridad de los hombres de bien de la pol\u00edtica, de la prensa, de la radio, de la empresa privada y de todas aquellas instituciones que se interesen por la Universidad, como el ideal cient\u00edfico, acad\u00e9mico y cultural al servicio de Barranquilla, la Costa y la Naci\u00f3n.<\/p>\n\n\n\n<p>Preparar un nuevo foro con la alta jerarqu\u00eda pol\u00edtica departamental, los candidatos a la gobernaci\u00f3n del departamento y de la alcald\u00eda de Barranquilla, los directores de la prensa hablada y escrita y los m\u00e1s calificados representantes del pensamiento universitario local es una tarea dif\u00edcil de concretar, pero necesaria, significativa e impostergable. Tensionemos, pues, todas nuestras fuerzas y energ\u00edas intelectuales para hacerla realidad. La direcci\u00f3n de ASPU tiene la palabra.<\/p>\n\n\n\n<p><strong>Coletilla<\/strong>:&nbsp;<\/p>\n\n\n\n<p>Todo cambia, nada permanece. \u00bfQu\u00e9 ha cambiado en la UA, para bien o para mal?. Exprese sus opiniones en comentarios. O si prefiere elabore su propia reflexi\u00f3n y por este espacio la publicamos. Lo que queremos es contribuir desde ya al debate que se avecina.&nbsp;<\/p>\n\n\n\n<p>Directivos, docentes, estudiantes y trabajadores, su opini\u00f3n sobre la actualidad y futuro de la Universidad es importante. Recordemos que la libertad de pensamiento es el fundamento de la libertad de expresi\u00f3n y ambas constituyen la piedra angular de la autonom\u00eda.<\/p>\n\n\n\n<p>Barranquilla, 14 de agosto de 2023.<\/p>\n","protected":false},"excerpt":{"rendered":"<p>&nbsp;\u00bfQU\u00c9 HA CAMBIADO?.&nbsp; &nbsp;&nbsp; &nbsp; &nbsp; &nbsp; &nbsp; &nbsp; &nbsp; &nbsp; &nbsp; &nbsp; &nbsp; &nbsp; &nbsp; &nbsp;&nbsp;Crist\u00f3bal Arteta Ripoll En 1987 escrib\u00ed el siguiente art\u00edculo, publicado en mi libro&nbsp;P\u00e1ginas universitarias.&nbsp;Treinta y seis (36) a\u00f1os despu\u00e9s, me parece interesante publicarlo en este momento, porque se avecina un debate interesante sobre la reforma a la Ley 30 [&hellip;]<\/p>\n","protected":false},"author":1,"featured_media":304,"parent":0,"menu_order":0,"comment_status":"open","ping_status":"closed","template":"","meta":{"om_disable_all_campaigns":true,"_monsterinsights_skip_tracking":false,"_monsterinsights_sitenote_active":false,"_monsterinsights_sitenote_note":"","_monsterinsights_sitenote_category":0,"footnotes":""},"class_list":["post-295","page","type-page","status-publish","has-post-thumbnail","hentry"],"_links":{"self":[{"href":"https:\/\/observatoriopoliticouniversitario.com\/index.php\/wp-json\/wp\/v2\/pages\/295","targetHints":{"allow":["GET"]}}],"collection":[{"href":"https:\/\/observatoriopoliticouniversitario.com\/index.php\/wp-json\/wp\/v2\/pages"}],"about":[{"href":"https:\/\/observatoriopoliticouniversitario.com\/index.php\/wp-json\/wp\/v2\/types\/page"}],"author":[{"embeddable":true,"href":"https:\/\/observatoriopoliticouniversitario.com\/index.php\/wp-json\/wp\/v2\/users\/1"}],"replies":[{"embeddable":true,"href":"https:\/\/observatoriopoliticouniversitario.com\/index.php\/wp-json\/wp\/v2\/comments?post=295"}],"version-history":[{"count":3,"href":"https:\/\/observatoriopoliticouniversitario.com\/index.php\/wp-json\/wp\/v2\/pages\/295\/revisions"}],"predecessor-version":[{"id":313,"href":"https:\/\/observatoriopoliticouniversitario.com\/index.php\/wp-json\/wp\/v2\/pages\/295\/revisions\/313"}],"wp:featuredmedia":[{"embeddable":true,"href":"https:\/\/observatoriopoliticouniversitario.com\/index.php\/wp-json\/wp\/v2\/media\/304"}],"wp:attachment":[{"href":"https:\/\/observatoriopoliticouniversitario.com\/index.php\/wp-json\/wp\/v2\/media?parent=295"}],"curies":[{"name":"wp","href":"https:\/\/api.w.org\/{rel}","templated":true}]}}