{"id":333,"date":"2024-08-17T00:47:31","date_gmt":"2024-08-17T00:47:31","guid":{"rendered":"https:\/\/observatoriopoliticouniversitario.com\/?page_id=333"},"modified":"2024-08-19T13:31:35","modified_gmt":"2024-08-19T13:31:35","slug":"pagina-universitaria-nueva-epoca-4","status":"publish","type":"page","link":"https:\/\/observatoriopoliticouniversitario.com\/index.php\/pagina-universitaria-nueva-epoca-4\/","title":{"rendered":"P\u00e1gina universitaria-nueva \u00e9poca"},"content":{"rendered":"\n<p>NO HAY PUREZA PR\u00cdSTINA.<\/p>\n\n\n\n<p>Crist\u00f3bal Arteta Ripoll.<\/p>\n\n\n\n<p>El cerebro es una caja que nos encierra que nos aprisiona y est\u00e1 lleno m\u00e1s de opiniones que de certezas. Lo caracteriza el viejo conflicto de la Grecia antigua entre doxa y episteme. Pero esa caja est\u00e1 metida en una caja mucho m\u00e1s grande que nos constri\u00f1e con m\u00e1s contundencia y fuerza represiva, la sociedad, donde el poder traza como pol\u00edtica construir mentiras falsas para gobernarnos en la opresi\u00f3n gracias a que las instituciones ejercen un papel mediador de car\u00e1cter educativo que nos hace ver las cosas como ellos quieren que las miremos y nos educan, de tal manera, para que nuestro comportamiento se oriente hacia la direcci\u00f3n que ellos creen es la m\u00e1s conveniente para mantenernos alienados, adormecidos y para que no reaccionemos frente a las autoridades &nbsp;que nos oprimen y sojuzgan.&nbsp;<\/p>\n\n\n\n<p>Ello no significa que la constante sean las noticias falsas y que cualquier intento por descubrir la verdad est\u00e9 condenado al fracaso. En esa lucha dial\u00e9ctica, en el campo de la pol\u00edtica, siempre triunfa la posverdad. Pero la gravedad no est\u00e1 en las noticias falsas, est\u00e1 m\u00e1s bien en el hecho de no esforzarnos para distinguir entre la ficci\u00f3n y la realidad. De hecho, sabemos que no hay un solo pol\u00edtico, funcionario p\u00fablico o periodista que pregone la verdad y nada m\u00e1s que la verdad, pero hay unos mejores que otros indiscutiblemente. Como dice Harari: \u201cNo hay pureza pr\u00edstina frente al mal sat\u00e1nico\u201d.&nbsp;<\/p>\n\n\n\n<p>Por eso leer, indagar, descubrir, deliberar es la clave para no aceptar las noticias falsas como normas, para verificar las informaciones recibidas y poner al descubierto nuestros propios prejuicios. Es dif\u00edcil distinguir la realidad de la ficci\u00f3n y evitar que nos laven el cerebro y lo llenen a su antojo. Por tal raz\u00f3n, insistimos, en el gran esfuerzo que hay que hacer para leer la literatura cient\u00edfica de relieve sobre el caso o casos que nos ocupan y preocupan, es decir libros, art\u00edculos, ensayos escritos por acad\u00e9micos respetables revisados por pares. Y si usted cree que la comunidad cient\u00edfica se equivoca no se preocupe que la duda cartesiana te ayuda a conocer al menos las teor\u00edas cient\u00edficas que estas rechazando y te dispones a seguir indagando sobre otras mejores. As\u00ed con errores y aciertos, marcha toda en nuestra agitada vida intelectual y cotidiana. Y as\u00ed conocemos m\u00e1s y nos formamos mejor.<\/p>\n\n\n\n<p>Por las razones anteriores, es que los intelectuales, acad\u00e9micos de todas las disciplinas y desde las diferentes perspectivas debemos inmiscuirnos m\u00e1s en los debates y discusiones pol\u00edticas que ayuden a desbrozar caminos para avanzar en soluciones de beneficio com\u00fan. El p\u00fablico en general, la gente sufrida que est\u00e1 permanentemente bajo las balas asesinas de las noticias falsas nos reclama pronunciamientos y acciones en la direcci\u00f3n correcta. El silencio mata la iniciativa p\u00fablica y es el mejor apoyo al statu quo.&nbsp;<\/p>\n\n\n\n<p>Como dec\u00eda en la p\u00e1gina anterior del observatorio pol\u00edtico universitario, titulada: Quietud que no genera asombro, no podemos permitir que desaparezca la capacidad de asombro, porque cuando eso sucede perdemos parte del alma.<\/p>\n\n\n\n<p>Barranquilla, agosto 16 de 2024.<\/p>\n","protected":false},"excerpt":{"rendered":"<p>NO HAY PUREZA PR\u00cdSTINA. Crist\u00f3bal Arteta Ripoll. El cerebro es una caja que nos encierra que nos aprisiona y est\u00e1 lleno m\u00e1s de opiniones que de certezas. Lo caracteriza el viejo conflicto de la Grecia antigua entre doxa y episteme. Pero esa caja est\u00e1 metida en una caja mucho m\u00e1s grande que nos constri\u00f1e con [&hellip;]<\/p>\n","protected":false},"author":1,"featured_media":0,"parent":0,"menu_order":0,"comment_status":"open","ping_status":"closed","template":"","meta":{"om_disable_all_campaigns":false,"_monsterinsights_skip_tracking":false,"_monsterinsights_sitenote_active":false,"_monsterinsights_sitenote_note":"","_monsterinsights_sitenote_category":0,"footnotes":""},"class_list":["post-333","page","type-page","status-publish","hentry"],"_links":{"self":[{"href":"https:\/\/observatoriopoliticouniversitario.com\/index.php\/wp-json\/wp\/v2\/pages\/333","targetHints":{"allow":["GET"]}}],"collection":[{"href":"https:\/\/observatoriopoliticouniversitario.com\/index.php\/wp-json\/wp\/v2\/pages"}],"about":[{"href":"https:\/\/observatoriopoliticouniversitario.com\/index.php\/wp-json\/wp\/v2\/types\/page"}],"author":[{"embeddable":true,"href":"https:\/\/observatoriopoliticouniversitario.com\/index.php\/wp-json\/wp\/v2\/users\/1"}],"replies":[{"embeddable":true,"href":"https:\/\/observatoriopoliticouniversitario.com\/index.php\/wp-json\/wp\/v2\/comments?post=333"}],"version-history":[{"count":1,"href":"https:\/\/observatoriopoliticouniversitario.com\/index.php\/wp-json\/wp\/v2\/pages\/333\/revisions"}],"predecessor-version":[{"id":334,"href":"https:\/\/observatoriopoliticouniversitario.com\/index.php\/wp-json\/wp\/v2\/pages\/333\/revisions\/334"}],"wp:attachment":[{"href":"https:\/\/observatoriopoliticouniversitario.com\/index.php\/wp-json\/wp\/v2\/media?parent=333"}],"curies":[{"name":"wp","href":"https:\/\/api.w.org\/{rel}","templated":true}]}}