{"id":473,"date":"2026-02-17T15:13:07","date_gmt":"2026-02-17T15:13:07","guid":{"rendered":"https:\/\/observatoriopoliticouniversitario.com\/?page_id=473"},"modified":"2026-03-08T03:23:27","modified_gmt":"2026-03-08T03:23:27","slug":"paginauniversitaria","status":"publish","type":"page","link":"https:\/\/observatoriopoliticouniversitario.com\/index.php\/paginauniversitaria\/","title":{"rendered":"Huellas de Camilo Torres a 60 a\u00f1os de su muerte"},"content":{"rendered":"\n<p>15 de febrero de 2026|<\/p>\n\n\n\n<p>Jos\u00e9 Gabriel Coley<\/p>\n\n\n\n<p><strong>A Camilo lo escuchamos decir \u00abYo no vine a decirles si Dios existe o no existe; si el alma es mortal o inmortal; cuando lo que verdaderamente existe es el hambre, y el hambre si es mortal\u00bb<\/strong><\/p>\n\n\n\n\n\n<p><strong>&nbsp;&nbsp;&nbsp;&nbsp;&nbsp;&nbsp;&nbsp;&nbsp;&nbsp;&nbsp;&nbsp;&nbsp;&nbsp;&nbsp;&nbsp;&nbsp;&nbsp;&nbsp;&nbsp;&nbsp;&nbsp;&nbsp;&nbsp;&nbsp;&nbsp;&nbsp;&nbsp;&nbsp;&nbsp;&nbsp;&nbsp;&nbsp;\u00abEl ej\u00e9rcito del pueblo<\/strong><\/p>\n\n\n\n<p><strong>&nbsp;&nbsp;&nbsp;&nbsp;&nbsp;&nbsp;&nbsp;&nbsp;&nbsp;&nbsp;&nbsp;&nbsp;&nbsp;&nbsp;&nbsp;&nbsp;&nbsp;&nbsp;&nbsp;&nbsp;&nbsp;&nbsp;&nbsp;&nbsp;&nbsp;&nbsp;&nbsp;&nbsp;B\u00fam-barab\u00fam-barab\u00fam-Bamb\u00e1n<\/strong><\/p>\n\n\n\n<p><strong>&nbsp;&nbsp;&nbsp;&nbsp;&nbsp;&nbsp;&nbsp;&nbsp;&nbsp;&nbsp;&nbsp;&nbsp;&nbsp;&nbsp;&nbsp;&nbsp;&nbsp;&nbsp;&nbsp;&nbsp;&nbsp;&nbsp;&nbsp;&nbsp;&nbsp;&nbsp;&nbsp;&nbsp;&nbsp;&nbsp;&nbsp;&nbsp;&nbsp;&nbsp;&nbsp;una noche el r\u00edo cruz\u00f3&nbsp;<\/strong><\/p>\n\n\n\n<p><strong>&nbsp;&nbsp;&nbsp;&nbsp;&nbsp;&nbsp;&nbsp;&nbsp;&nbsp;&nbsp;&nbsp;&nbsp;&nbsp;&nbsp;&nbsp;&nbsp;&nbsp;&nbsp;&nbsp;&nbsp;&nbsp;&nbsp;&nbsp;&nbsp;&nbsp;&nbsp;&nbsp;&nbsp;&nbsp;&nbsp;&nbsp;&nbsp;&nbsp;&nbsp;&nbsp;&nbsp;Ay, Camilo, Ay Camilo<\/strong><\/p>\n\n\n\n<p><strong>&nbsp;&nbsp;&nbsp;&nbsp;&nbsp;&nbsp;&nbsp;&nbsp;&nbsp;&nbsp;&nbsp;&nbsp;&nbsp;&nbsp;&nbsp;&nbsp;&nbsp;&nbsp;&nbsp;&nbsp;&nbsp;&nbsp;&nbsp;&nbsp;&nbsp;&nbsp;&nbsp;&nbsp;&nbsp;&nbsp;&nbsp;&nbsp;&nbsp;&nbsp;&nbsp;&nbsp;&nbsp;Y al ej\u00e9rcito asesino &nbsp;<\/strong><\/p>\n\n\n\n<p><strong>&nbsp;&nbsp;&nbsp;&nbsp;&nbsp;&nbsp;&nbsp;&nbsp;&nbsp;&nbsp;&nbsp;&nbsp;&nbsp;&nbsp;&nbsp;&nbsp;&nbsp;&nbsp;&nbsp;&nbsp;&nbsp;&nbsp;&nbsp;&nbsp;&nbsp;&nbsp;&nbsp;&nbsp;&nbsp;B\u00fam-barab\u00fam-barab\u00fam-Bamb\u00e1n<\/strong><\/p>\n\n\n\n<p><strong>&nbsp;&nbsp;&nbsp;&nbsp;&nbsp;&nbsp;&nbsp;&nbsp;&nbsp;&nbsp;&nbsp;&nbsp;&nbsp;&nbsp;&nbsp;&nbsp;&nbsp;&nbsp;&nbsp;&nbsp;&nbsp;&nbsp;&nbsp;&nbsp;&nbsp;&nbsp;&nbsp;&nbsp;&nbsp;&nbsp;&nbsp;&nbsp;&nbsp;&nbsp;&nbsp;&nbsp;&nbsp;&nbsp;&nbsp;&nbsp;Una paliza le dio&nbsp;<\/strong><\/p>\n\n\n\n<p><strong>&nbsp;&nbsp;&nbsp;&nbsp;&nbsp;&nbsp;&nbsp;&nbsp;&nbsp;&nbsp;&nbsp;&nbsp;&nbsp;&nbsp;&nbsp;&nbsp;&nbsp;&nbsp;&nbsp;&nbsp;&nbsp;&nbsp;&nbsp;&nbsp;&nbsp;&nbsp;&nbsp;&nbsp;&nbsp;&nbsp;&nbsp;&nbsp;&nbsp;&nbsp;&nbsp;&nbsp;Ay, Camilo, Ay Camilo&#8230;\u00bb&nbsp;<\/strong><\/p>\n\n\n\n<p>Ese fue nuestro himno de m\u00edstica revolucionaria despu\u00e9s de la muerte en combate del cura guerrillero Camilo Torres Restrepo ocurrida exactamente hace hoy 60 a\u00f1os, en Patio cemento, Santander. Poco antes de partir hacia el ELN hab\u00eda estado en los bulevares exteriores de la Universidad del Atl\u00e1ntico donde se dirigi\u00f3 a los estudiantes explicando la plataforma de lucha del Frente Unido. Nosotros \u00e9ramos a\u00fan alumnos de bachillerato pero estuvimos presentes en el acto como miembros del FUNESA (Frente Unido Estudiantil de Secundaria del Atl\u00e1ntico), y despu\u00e9s lo acompa\u00f1amos a Sabanalarga donde presidi\u00f3 una manifestaci\u00f3n con campesinos del departamento.&nbsp;<\/p>\n\n\n\n<p>En esa visita de Camilo lo escuchamos decir&nbsp;<strong>\u00abYo no vine a decirles si Dios existe o no existe; si el alma es mortal o inmortal; cuando lo que verdaderamente existe es el hambre, y el hambre si es mortal\u00bb<\/strong>. Era un cura fascinante y nos hicimos seguidores suyos, y despu\u00e9s del grupo de sacerdotes de Golconda, donde compartimos con el padre Ren\u00e9 Garc\u00eda. Cuando ingresamos a la Universidad del Atl\u00e1ntico nos convertimos en militantes de Comandos Camilistas al lado de compa\u00f1eros brillantes como Manuel Medina, Balmiro Sobrino, Ricardo \u00c1ngulo, Balmiro Sobrino, Ricardo Manzur, Juan Pab\u00f3n, Cristobal Arteta Ripoll, F\u00e9lix \u00c1lvarez, Francisco Leal y tantos otros.&nbsp;<\/p>\n\n\n\n<p>En los grupos de estudio de esa organizaci\u00f3n pol\u00edtica aprendimos mucho del Concilio Vaticano II y el populorum progressio de Juan XXIII, del movimiento de la Teolog\u00eda de la Liberaci\u00f3n y de los ideales del Cristianismo primitivo en la b\u00fasqueda de la igualdad entre los hombres que es por lo que deben luchar los verdaderos cristianos, al decir de Camilo. &nbsp;<\/p>\n\n\n\n<p>A\u00f1os despu\u00e9s, siendo ya profesor universitario, volvimos a reencontrarnos con estos postulados durante nuestra primera maestr\u00eda en Filosof\u00eda Latinoamericana en la Universidad Santo Tom\u00e1s de Bogot\u00e1. Maestr\u00eda que un a\u00f1o antes hab\u00eda realizado Crist\u00f3bal en la Universidad Santo Tom\u00e1s. Y revivimos a Camilo, no ya el luchador, sino el acad\u00e9mico, el de Lovaina, el fundador de la primera facultad de Sociolog\u00eda en la Universidad Nacional de Colombia. Luego, en esa misma direcci\u00f3n, en sus Congresos Internacionales conocimos a Enrique Dussel y estudiamos sus obras. Con Dussel volver\u00edamos a vernos no solo en los Congresos de la USTA, sino en M\u00e9xico, La Habana, Madrid, Estambul y Atenas, que fue la \u00faltima vez poco antes de fallecer.&nbsp;<\/p>\n\n\n\n<p>Muy a pesar de que el movimiento de la Teolog\u00eda de la Liberaci\u00f3n fue excomulgado de la iglesia oficial, perseguido y aniquilado por el eje conservador Reagan \u2013 Thatcher \u2013 Wojtila (adem\u00e1s la ca\u00edda de los pa\u00edses del llamado \u2018Socialismo Real\u2019 en el decenio de los 90), las ideas de Camilo perviven entre nosotros y, en este momento, recordando su muerte heroica, se nos viene a la memoria este verso de esperanza, aunque nos se\u00f1alen de ilusos hoy domingo de Carnaval: &nbsp;<\/p>\n\n\n\n<p>&nbsp;&nbsp;&nbsp;&nbsp;&nbsp;&nbsp;&nbsp;&nbsp;&nbsp;&nbsp;&nbsp;&nbsp;&nbsp;&nbsp;&nbsp;&nbsp;&nbsp;&nbsp;&nbsp;&nbsp;&nbsp;&nbsp;&nbsp;&nbsp;&nbsp;&nbsp;&nbsp;&nbsp;&nbsp;&nbsp;&nbsp;&nbsp;&nbsp;&nbsp;&nbsp;&nbsp;<strong>\u00abDonde cay\u00f3 Camilo&nbsp;<\/strong><\/p>\n\n\n\n<p><strong>&nbsp;&nbsp;&nbsp;&nbsp;&nbsp;&nbsp;&nbsp;&nbsp;&nbsp;&nbsp;&nbsp;&nbsp;&nbsp;&nbsp;&nbsp;&nbsp;&nbsp;&nbsp;&nbsp;&nbsp;&nbsp;&nbsp;&nbsp;&nbsp;&nbsp;&nbsp;&nbsp;&nbsp;&nbsp;&nbsp;&nbsp;&nbsp;&nbsp;&nbsp;&nbsp;&nbsp;&nbsp;&nbsp;&nbsp;&nbsp;&nbsp;naci\u00f3 una cruz<\/strong><\/p>\n\n\n\n<p><strong>&nbsp;&nbsp;&nbsp;&nbsp;&nbsp;&nbsp;&nbsp;&nbsp;&nbsp;&nbsp;&nbsp;&nbsp;&nbsp;&nbsp;&nbsp;&nbsp;&nbsp;&nbsp;&nbsp;&nbsp;&nbsp;&nbsp;&nbsp;&nbsp;&nbsp;&nbsp;&nbsp;&nbsp;&nbsp;&nbsp;&nbsp;&nbsp;&nbsp;&nbsp;&nbsp;&nbsp;&nbsp;pero no es de madera<\/strong><\/p>\n\n\n\n<p><strong>&nbsp;&nbsp;&nbsp;&nbsp;&nbsp;&nbsp;&nbsp;&nbsp;&nbsp;&nbsp;&nbsp;&nbsp;&nbsp;&nbsp;&nbsp;&nbsp;&nbsp;&nbsp;&nbsp;&nbsp;&nbsp;&nbsp;&nbsp;&nbsp;&nbsp;&nbsp;&nbsp;&nbsp;&nbsp;&nbsp;&nbsp;&nbsp;&nbsp;&nbsp;&nbsp;&nbsp;&nbsp;&nbsp;&nbsp;&nbsp;&nbsp;&nbsp;&nbsp;&nbsp;&nbsp;sino de luz\u00bb&nbsp;<\/strong><\/p>\n\n\n\n<p>&nbsp;&nbsp;&nbsp;&nbsp;&nbsp;&nbsp;&nbsp;&nbsp;&nbsp;&nbsp;&nbsp;&nbsp;&nbsp;&nbsp;&nbsp;&nbsp;&nbsp;&nbsp;&nbsp;&nbsp;&nbsp;&nbsp;&nbsp;&nbsp;&nbsp;&nbsp;&nbsp;&nbsp;<strong>Barranquilla, febrero 15 de 2026.&nbsp;<\/strong><\/p>\n","protected":false},"excerpt":{"rendered":"<p>15 de febrero de 2026| Jos\u00e9 Gabriel Coley A Camilo lo escuchamos decir \u00abYo no vine a decirles si Dios existe o no existe; si el alma es mortal o inmortal; cuando lo que verdaderamente existe es el hambre, y el hambre si es mortal\u00bb &nbsp;&nbsp;&nbsp;&nbsp;&nbsp;&nbsp;&nbsp;&nbsp;&nbsp;&nbsp;&nbsp;&nbsp;&nbsp;&nbsp;&nbsp;&nbsp;&nbsp;&nbsp;&nbsp;&nbsp;&nbsp;&nbsp;&nbsp;&nbsp;&nbsp;&nbsp;&nbsp;&nbsp;&nbsp;&nbsp;&nbsp;&nbsp;\u00abEl ej\u00e9rcito del pueblo &nbsp;&nbsp;&nbsp;&nbsp;&nbsp;&nbsp;&nbsp;&nbsp;&nbsp;&nbsp;&nbsp;&nbsp;&nbsp;&nbsp;&nbsp;&nbsp;&nbsp;&nbsp;&nbsp;&nbsp;&nbsp;&nbsp;&nbsp;&nbsp;&nbsp;&nbsp;&nbsp;&nbsp;B\u00fam-barab\u00fam-barab\u00fam-Bamb\u00e1n &nbsp;&nbsp;&nbsp;&nbsp;&nbsp;&nbsp;&nbsp;&nbsp;&nbsp;&nbsp;&nbsp;&nbsp;&nbsp;&nbsp;&nbsp;&nbsp;&nbsp;&nbsp;&nbsp;&nbsp;&nbsp;&nbsp;&nbsp;&nbsp;&nbsp;&nbsp;&nbsp;&nbsp;&nbsp;&nbsp;&nbsp;&nbsp;&nbsp;&nbsp;&nbsp;una noche el r\u00edo cruz\u00f3&nbsp; [&hellip;]<\/p>\n","protected":false},"author":1,"featured_media":0,"parent":0,"menu_order":0,"comment_status":"open","ping_status":"closed","template":"","meta":{"om_disable_all_campaigns":false,"_monsterinsights_skip_tracking":false,"_monsterinsights_sitenote_active":false,"_monsterinsights_sitenote_note":"","_monsterinsights_sitenote_category":0,"footnotes":""},"class_list":["post-473","page","type-page","status-publish","hentry"],"_links":{"self":[{"href":"https:\/\/observatoriopoliticouniversitario.com\/index.php\/wp-json\/wp\/v2\/pages\/473","targetHints":{"allow":["GET"]}}],"collection":[{"href":"https:\/\/observatoriopoliticouniversitario.com\/index.php\/wp-json\/wp\/v2\/pages"}],"about":[{"href":"https:\/\/observatoriopoliticouniversitario.com\/index.php\/wp-json\/wp\/v2\/types\/page"}],"author":[{"embeddable":true,"href":"https:\/\/observatoriopoliticouniversitario.com\/index.php\/wp-json\/wp\/v2\/users\/1"}],"replies":[{"embeddable":true,"href":"https:\/\/observatoriopoliticouniversitario.com\/index.php\/wp-json\/wp\/v2\/comments?post=473"}],"version-history":[{"count":2,"href":"https:\/\/observatoriopoliticouniversitario.com\/index.php\/wp-json\/wp\/v2\/pages\/473\/revisions"}],"predecessor-version":[{"id":572,"href":"https:\/\/observatoriopoliticouniversitario.com\/index.php\/wp-json\/wp\/v2\/pages\/473\/revisions\/572"}],"wp:attachment":[{"href":"https:\/\/observatoriopoliticouniversitario.com\/index.php\/wp-json\/wp\/v2\/media?parent=473"}],"curies":[{"name":"wp","href":"https:\/\/api.w.org\/{rel}","templated":true}]}}